{"id":2048,"date":"2022-09-14T12:09:25","date_gmt":"2021-01-18T17:40:38","guid":{"rendered":"https:\/\/estudionada.com\/es-estudio-2\/"},"modified":"2025-10-16T16:18:33","modified_gmt":"2025-10-16T15:18:33","slug":"nosotros","status":"publish","type":"page","link":"https:\/\/estudionada.com\/en\/nosotros\/","title":{"rendered":"ESEN Estudio"},"content":{"rendered":"","protected":false},"excerpt":{"rendered":"","protected":false},"author":1,"featured_media":0,"parent":0,"menu_order":8,"comment_status":"closed","ping_status":"closed","template":"","meta":{"jetpack_post_was_ever_published":false},"class_list":["post-2048","page","type-page","status-publish","hentry"],"yoast_head":"<!-- This site is optimized with the Yoast SEO plugin v27.3 - https:\/\/yoast.com\/product\/yoast-seo-wordpress\/ -->\n<title>Nada | Estudio | About<\/title>\n<meta name=\"description\" content=\"Nada | Arquitectura Interior Nada es un estudio de arquitectura interior y dise\u00f1o fundado por Borja Hern\u00e1ndez y Arcadi Mart\u00edn en 2017. | Nada is an interior architecture and design studio founded by Borja Hern\u00e1ndez and Arcadi Mart\u00edn in 2017.\" \/>\n<meta name=\"robots\" content=\"index, follow, max-snippet:-1, max-image-preview:large, max-video-preview:-1\" \/>\n<link rel=\"canonical\" href=\"https:\/\/estudionada.com\/nosotros\/\" \/>\n<meta property=\"og:locale\" content=\"en_US\" \/>\n<meta property=\"og:type\" content=\"article\" \/>\n<meta property=\"og:title\" content=\"Nada | Estudio | About\" \/>\n<meta property=\"og:description\" content=\"Nada | Arquitectura Interior Nada es un estudio de arquitectura interior y dise\u00f1o fundado por Borja Hern\u00e1ndez y Arcadi Mart\u00edn en 2017. | Nada is an interior architecture and design studio founded by Borja Hern\u00e1ndez and Arcadi Mart\u00edn in 2017.\" \/>\n<meta property=\"og:url\" content=\"https:\/\/estudionada.com\/nosotros\/\" \/>\n<meta property=\"og:site_name\" content=\"Nada\" \/>\n<meta property=\"article:publisher\" content=\"https:\/\/www.facebook.com\/estudionada\/\" \/>\n<meta property=\"article:modified_time\" content=\"2025-10-16T15:18:33+00:00\" \/>\n<meta property=\"og:image\" content=\"https:\/\/i0.wp.com\/estudionada.com\/wp-content\/uploads\/2021\/01\/Nada-BW_FB.jpg?fit=1200%2C630&ssl=1\" \/>\n\t<meta property=\"og:image:width\" content=\"1200\" \/>\n\t<meta property=\"og:image:height\" content=\"630\" \/>\n\t<meta property=\"og:image:type\" content=\"image\/jpeg\" \/>\n<meta name=\"twitter:card\" content=\"summary_large_image\" \/>\n<meta name=\"twitter:site\" content=\"@estudionada\" \/>\n<meta name=\"twitter:label1\" content=\"Est. reading time\" \/>\n\t<meta name=\"twitter:data1\" content=\"3 minutes\" \/>\n<script type=\"application\/ld+json\" class=\"yoast-schema-graph\">{\"@context\":\"https:\\\/\\\/schema.org\",\"@graph\":[{\"@type\":\"WebPage\",\"@id\":\"https:\\\/\\\/estudionada.com\\\/nosotros\\\/\",\"url\":\"https:\\\/\\\/estudionada.com\\\/nosotros\\\/\",\"name\":\"Nada | Estudio | About\",\"isPartOf\":{\"@id\":\"https:\\\/\\\/estudionada.com\\\/#website\"},\"datePublished\":\"2021-01-18T17:40:38+00:00\",\"dateModified\":\"2025-10-16T15:18:33+00:00\",\"description\":\"Nada | Arquitectura Interior Nada es un estudio de arquitectura interior y dise\u00f1o fundado por Borja Hern\u00e1ndez y Arcadi Mart\u00edn en 2017. | Nada is an interior architecture and design studio founded by Borja Hern\u00e1ndez and Arcadi Mart\u00edn in 2017.\",\"breadcrumb\":{\"@id\":\"https:\\\/\\\/estudionada.com\\\/nosotros\\\/#breadcrumb\"},\"inLanguage\":\"en-US\",\"potentialAction\":[{\"@type\":\"ReadAction\",\"target\":[\"https:\\\/\\\/estudionada.com\\\/nosotros\\\/\"]}]},{\"@type\":\"BreadcrumbList\",\"@id\":\"https:\\\/\\\/estudionada.com\\\/nosotros\\\/#breadcrumb\",\"itemListElement\":[{\"@type\":\"ListItem\",\"position\":1,\"name\":\"Portada\",\"item\":\"https:\\\/\\\/estudionada.com\\\/\"},{\"@type\":\"ListItem\",\"position\":2,\"name\":\"Nosotros\"}]},{\"@type\":\"WebSite\",\"@id\":\"https:\\\/\\\/estudionada.com\\\/#website\",\"url\":\"https:\\\/\\\/estudionada.com\\\/\",\"name\":\"Nada\",\"description\":\"We create honest, pure, timeless spaces.\",\"publisher\":{\"@id\":\"https:\\\/\\\/estudionada.com\\\/#organization\"},\"potentialAction\":[{\"@type\":\"SearchAction\",\"target\":{\"@type\":\"EntryPoint\",\"urlTemplate\":\"https:\\\/\\\/estudionada.com\\\/?s={search_term_string}\"},\"query-input\":{\"@type\":\"PropertyValueSpecification\",\"valueRequired\":true,\"valueName\":\"search_term_string\"}}],\"inLanguage\":\"en-US\"},{\"@type\":\"Organization\",\"@id\":\"https:\\\/\\\/estudionada.com\\\/#organization\",\"name\":\"Nada\",\"url\":\"https:\\\/\\\/estudionada.com\\\/\",\"logo\":{\"@type\":\"ImageObject\",\"inLanguage\":\"en-US\",\"@id\":\"https:\\\/\\\/estudionada.com\\\/#\\\/schema\\\/logo\\\/image\\\/\",\"url\":\"https:\\\/\\\/i0.wp.com\\\/estudionada.com\\\/wp-content\\\/uploads\\\/2022\\\/09\\\/Nada_F.png?fit=512%2C512&ssl=1\",\"contentUrl\":\"https:\\\/\\\/i0.wp.com\\\/estudionada.com\\\/wp-content\\\/uploads\\\/2022\\\/09\\\/Nada_F.png?fit=512%2C512&ssl=1\",\"width\":512,\"height\":512,\"caption\":\"Nada\"},\"image\":{\"@id\":\"https:\\\/\\\/estudionada.com\\\/#\\\/schema\\\/logo\\\/image\\\/\"},\"sameAs\":[\"https:\\\/\\\/www.facebook.com\\\/estudionada\\\/\",\"https:\\\/\\\/x.com\\\/estudionada\",\"https:\\\/\\\/www.instagram.com\\\/estudionada\\\/\",\"https:\\\/\\\/www.linkedin.com\\\/company\\\/28605860\\\/admin\\\/\",\"https:\\\/\\\/estudionada.tumblr.com\\\/\",\"https:\\\/\\\/www.houzz.es\\\/profesionales\\\/arquitectos-de-interiores\\\/nada-pfvwes-pf~2116153676\",\"https:\\\/\\\/www.pinterest.es\\\/estudionada\\\/\",\"https:\\\/\\\/open.spotify.com\\\/user\\\/9y65unprsuj1qczksttdc8sfu?si=6194032c4dad49bd\"]}]}<\/script>\n<!-- \/ Yoast SEO plugin. -->","yoast_head_json":{"title":"Nada | Estudio | About","description":"Nada | Arquitectura Interior Nada es un estudio de arquitectura interior y dise\u00f1o fundado por Borja Hern\u00e1ndez y Arcadi Mart\u00edn en 2017. | Nada is an interior architecture and design studio founded by Borja Hern\u00e1ndez and Arcadi Mart\u00edn in 2017.","robots":{"index":"index","follow":"follow","max-snippet":"max-snippet:-1","max-image-preview":"max-image-preview:large","max-video-preview":"max-video-preview:-1"},"canonical":"https:\/\/estudionada.com\/nosotros\/","og_locale":"en_US","og_type":"article","og_title":"Nada | Estudio | About","og_description":"Nada | Arquitectura Interior Nada es un estudio de arquitectura interior y dise\u00f1o fundado por Borja Hern\u00e1ndez y Arcadi Mart\u00edn en 2017. | Nada is an interior architecture and design studio founded by Borja Hern\u00e1ndez and Arcadi Mart\u00edn in 2017.","og_url":"https:\/\/estudionada.com\/nosotros\/","og_site_name":"Nada","article_publisher":"https:\/\/www.facebook.com\/estudionada\/","article_modified_time":"2025-10-16T15:18:33+00:00","og_image":[{"width":1200,"height":630,"url":"https:\/\/i0.wp.com\/estudionada.com\/wp-content\/uploads\/2021\/01\/Nada-BW_FB.jpg?fit=1200%2C630&ssl=1","type":"image\/jpeg"}],"twitter_card":"summary_large_image","twitter_site":"@estudionada","twitter_misc":{"Est. reading time":"3 minutes"},"schema":{"@context":"https:\/\/schema.org","@graph":[{"@type":"WebPage","@id":"https:\/\/estudionada.com\/nosotros\/","url":"https:\/\/estudionada.com\/nosotros\/","name":"Nada | Estudio | About","isPartOf":{"@id":"https:\/\/estudionada.com\/#website"},"datePublished":"2021-01-18T17:40:38+00:00","dateModified":"2025-10-16T15:18:33+00:00","description":"Nada | Arquitectura Interior Nada es un estudio de arquitectura interior y dise\u00f1o fundado por Borja Hern\u00e1ndez y Arcadi Mart\u00edn en 2017. | Nada is an interior architecture and design studio founded by Borja Hern\u00e1ndez and Arcadi Mart\u00edn in 2017.","breadcrumb":{"@id":"https:\/\/estudionada.com\/nosotros\/#breadcrumb"},"inLanguage":"en-US","potentialAction":[{"@type":"ReadAction","target":["https:\/\/estudionada.com\/nosotros\/"]}]},{"@type":"BreadcrumbList","@id":"https:\/\/estudionada.com\/nosotros\/#breadcrumb","itemListElement":[{"@type":"ListItem","position":1,"name":"Portada","item":"https:\/\/estudionada.com\/"},{"@type":"ListItem","position":2,"name":"Nosotros"}]},{"@type":"WebSite","@id":"https:\/\/estudionada.com\/#website","url":"https:\/\/estudionada.com\/","name":"Nada","description":"We create honest, pure, timeless spaces.","publisher":{"@id":"https:\/\/estudionada.com\/#organization"},"potentialAction":[{"@type":"SearchAction","target":{"@type":"EntryPoint","urlTemplate":"https:\/\/estudionada.com\/?s={search_term_string}"},"query-input":{"@type":"PropertyValueSpecification","valueRequired":true,"valueName":"search_term_string"}}],"inLanguage":"en-US"},{"@type":"Organization","@id":"https:\/\/estudionada.com\/#organization","name":"Nada","url":"https:\/\/estudionada.com\/","logo":{"@type":"ImageObject","inLanguage":"en-US","@id":"https:\/\/estudionada.com\/#\/schema\/logo\/image\/","url":"https:\/\/i0.wp.com\/estudionada.com\/wp-content\/uploads\/2022\/09\/Nada_F.png?fit=512%2C512&ssl=1","contentUrl":"https:\/\/i0.wp.com\/estudionada.com\/wp-content\/uploads\/2022\/09\/Nada_F.png?fit=512%2C512&ssl=1","width":512,"height":512,"caption":"Nada"},"image":{"@id":"https:\/\/estudionada.com\/#\/schema\/logo\/image\/"},"sameAs":["https:\/\/www.facebook.com\/estudionada\/","https:\/\/x.com\/estudionada","https:\/\/www.instagram.com\/estudionada\/","https:\/\/www.linkedin.com\/company\/28605860\/admin\/","https:\/\/estudionada.tumblr.com\/","https:\/\/www.houzz.es\/profesionales\/arquitectos-de-interiores\/nada-pfvwes-pf~2116153676","https:\/\/www.pinterest.es\/estudionada\/","https:\/\/open.spotify.com\/user\/9y65unprsuj1qczksttdc8sfu?si=6194032c4dad49bd"]}]}},"grid":"{\r\n  \"colCount\": 31,\r\n  \"colGutter\": 1,\r\n  \"rowGutters\": [\r\n    40,\r\n    40,\r\n    40\r\n  ],\r\n  \"frameMargin\": 2,\r\n  \"leftFrameMargin\": 2,\r\n  \"rightFrameMargin\": 2,\r\n  \"topFrameMargin\": 90,\r\n  \"bottomFrameMargin\": 40,\r\n  \"rowAttrs\": [\r\n    {\r\n      \"relid\": 25\r\n    },\r\n    {\r\n      \"relid\": 3\r\n    },\r\n    {\r\n      \"relid\": 27\r\n    },\r\n    {\r\n      \"relid\": 5\r\n    }\r\n  ],\r\n  \"bgColor\": null,\r\n  \"cont\": [\r\n    {\r\n      \"type\": \"html\",\r\n      \"cont\": \"<!-- Global site tag (gtag.js) - Google Analytics -->\\n<script async src=\\\"https:\/\/www.googletagmanager.com\/gtag\/js?id=UA-135626957-1\\\"><\/script>\\n<script>\\n  window.dataLayer = window.dataLayer || [];\\n  function gtag(){dataLayer.push(arguments);}\\n  gtag('js', new Date());\\n\\n  gtag('config', 'UA-135626957-1');\\n<\/script>\\n\\n\",\r\n      \"align\": \"middle\",\r\n      \"row\": 0,\r\n      \"col\": 0,\r\n      \"colspan\": 31,\r\n      \"offsetx\": 0,\r\n      \"offsety\": 0,\r\n      \"spaceabove\": 0,\r\n      \"spacebelow\": 0,\r\n      \"yvel\": 1,\r\n      \"push\": 0,\r\n      \"relid\": 22,\r\n      \"absolute_position\": false\r\n    },\r\n    {\r\n      \"type\": \"text\",\r\n      \"cont\": \"<\/p><p><a href=\\\"https:\/\/estudionada.com\\\">Nada<\/a> is an interior architecture and design studio founded by <a rel=\\\"noopener\\\" href=\\\"https:\/\/www.linkedin.com\/in\/borjahernandezmarin\/\\\" target=\\\"_blank\\\">Borja Hern\u00e1ndez<\/a> and <a rel=\\\"noopener\\\" href=\\\"https:\/\/www.linkedin.com\/in\/arcadimartin\/\\\" target=\\\"_blank\\\">Arcadi Mart\u00edn<\/a> in 2017, with office in <a rel=\\\"noopener\\\" href=\\\"https:\/\/www.google.com\/maps\/place\/Nada\/@41.3887547,2.1818929,17z\/data=!3m1!4b1!4m6!3m5!1s0x12a4a3f7c661e21d:0x8ea202d106906d9b!8m2!3d41.3887547!4d2.1818929!16s%2Fg%2F11nft5gfl6?hl=es&amp;entry=ttu\\\" target=\\\"_blank\\\">Barcelona<\/a> and <a rel=\\\"noopener\\\" href=\\\"https:\/\/g.page\/nada-valencia?gm\\\" target=\\\"_blank\\\">Valencia<\/a>.<\/p><p>\u00a0<\/p><p>With a clear collaborative vocation, we carry out interior design, architecture and art direction projects. We develop projects from an honest and rational perspective. Our goal is to propose the most simple and functionally effective solution for each project.\u00a0We put design at the service of people by developing personalized and flexible projects that know how to age and evolve with the user.\u00a0<\/p><p>\u00a0<\/p><p>We create honest, pure, timeless spaces.<\/p><p>\u00a0<\/p><p>In a society ruled by frenetic consumerism and the uncontrolled use of natural resources, at Nada we create useful, lasting spaces.<\/p><p>\u00a0<\/p><p>An ode to the beauty of spaces, textures, light and <a href=\\\"https:\/\/estudionada.com\\\">Nada<\/a>.<\/p>\",\r\n      \"align\": \"middle\",\r\n      \"row\": 1,\r\n      \"col\": 0,\r\n      \"colspan\": 31,\r\n      \"offsetx\": 0,\r\n      \"offsety\": 0,\r\n      \"spaceabove\": 0,\r\n      \"spacebelow\": 0,\r\n      \"yvel\": 1,\r\n      \"push\": 0,\r\n      \"relid\": 4,\r\n      \"absolute_position\": false,\r\n      \"frameOverflow\": \"\"\r\n    },\r\n    {\r\n      \"type\": \"img\",\r\n      \"cont\": \"\/wp-content\/uploads\/2021\/01\/Nada-BW.jpg\",\r\n      \"align\": \"top\",\r\n      \"row\": 2,\r\n      \"col\": 0,\r\n      \"colspan\": 5,\r\n      \"offsetx\": 0,\r\n      \"offsety\": 0,\r\n      \"spaceabove\": 0,\r\n      \"spacebelow\": 0,\r\n      \"yvel\": 1,\r\n      \"push\": 0,\r\n      \"relid\": 1041,\r\n      \"attid\": 1119,\r\n      \"sizes\": {\r\n        \"full\": \"\/wp-content\/uploads\/2021\/01\/Nada-BW.jpg\",\r\n        \"_3200\": \"\/wp-content\/uploads\/2021\/01\/Nada-BW-3200x3200.jpg\",\r\n        \"_2560\": \"\/wp-content\/uploads\/2021\/01\/Nada-BW-2560x2560.jpg\",\r\n        \"_1920\": \"\/wp-content\/uploads\/2021\/01\/Nada-BW-1920x1920.jpg\",\r\n        \"_1280\": \"\/wp-content\/uploads\/2021\/01\/Nada-BW-1280x1280.jpg\",\r\n        \"_1024\": \"\/wp-content\/uploads\/2021\/01\/Nada-BW-1024x1024.jpg\",\r\n        \"_768\": \"\/wp-content\/uploads\/2021\/01\/Nada-BW-768x768.jpg\",\r\n        \"_512\": \"\/wp-content\/uploads\/2021\/01\/Nada-BW-512x512.jpg\",\r\n        \"_265\": \"\/wp-content\/uploads\/2021\/01\/Nada-BW-265x265.jpg\"\r\n      },\r\n      \"w\": 3365,\r\n      \"h\": 3365,\r\n      \"ar\": 1,\r\n      \"alt\": \"Nada\",\r\n      \"lightboxoff\": true,\r\n      \"frameOverflow\": \"\",\r\n      \"absolute_position\": false\r\n    },\r\n    {\r\n      \"type\": \"text\",\r\n      \"cont\": \"<\/p><p><a href=\\\"mailto:hola@estudionada.com\\\">hola@estudionada.com<\/a><\/p><p><br \/>Follow us on: <a rel=\\\"noopener\\\" href=\\\"https:\/\/www.instagram.com\/estudionada\/\\\" target=\\\"_blank\\\">Instagram<\/a>\u00a0|\u00a0<a rel=\\\"noopener\\\" href=\\\"https:\/\/www.facebook.com\/estudionada\/\\\" target=\\\"_blank\\\">Facebook<\/a> |\u00a0<a rel=\\\"noopener\\\" href=\\\"https:\/\/www.linkedin.com\/company\/estudionada\\\" target=\\\"_blank\\\">Linkedin<\/a>\u00a0|\u00a0<a rel=\\\"noopener\\\" href=\\\"https:\/\/estudionada.tumblr.com\\\" target=\\\"_blank\\\">Tumblr<\/a>\u00a0|\u00a0<a rel=\\\"noopener\\\" href=\\\"https:\/\/twitter.com\/estudionada\\\" target=\\\"_blank\\\">Twitter<\/a>\u00a0|\u00a0<a rel=\\\"noopener\\\" href=\\\"https:\/\/www.houzz.es\/pro\/estudionada\\\" target=\\\"_blank\\\">Houzz<\/a>\u00a0|\u00a0<a rel=\\\"noopener\\\" href=\\\"https:\/\/www.pinterest.es\/estudionada\\\" target=\\\"_blank\\\">Pinterest<\/a>\u00a0|\u00a0<a rel=\\\"noopener\\\" href=\\\"https:\/\/open.spotify.com\/user\/9y65unprsuj1qczksttdc8sfu?si=Itn1ft1VRdOXgRU2bVUFNA\\\" target=\\\"_blank\\\">Spotify<\/a><\/p><p>\u00a0<\/p><p><a href=\\\"https:\/\/estudionada.com\/en-legal-notice\/\\\" data-type=\\\"page\\\" data-id=\\\"1978\\\" data-title=\\\"EN Legal notice\\\">Legal notice<\/a><\/p>\",\r\n      \"align\": \"middle\",\r\n      \"row\": 3,\r\n      \"col\": 0,\r\n      \"colspan\": 31,\r\n      \"offsetx\": 0,\r\n      \"offsety\": 0,\r\n      \"spaceabove\": 0,\r\n      \"spacebelow\": 0,\r\n      \"yvel\": 1,\r\n      \"push\": 0,\r\n      \"relid\": 6,\r\n      \"absolute_position\": false,\r\n      \"frameOverflow\": \"\"\r\n    }\r\n  ]\r\n}","phonegrid":"{\r\n  \"colCount\": 31,\r\n  \"colGutter\": 1,\r\n  \"rowGutters\": [\r\n    \"5\",\r\n    \"5\",\r\n    \"5\"\r\n  ],\r\n  \"frameMargin\": 2,\r\n  \"leftFrameMargin\": \"5\",\r\n  \"rightFrameMargin\": \"5\",\r\n  \"topFrameMargin\": \"0\",\r\n  \"bottomFrameMargin\": \"5\",\r\n  \"rowAttrs\": [\r\n    {\r\n      \"relid\": 25\r\n    },\r\n    {\r\n      \"relid\": 3\r\n    },\r\n    {\r\n      \"relid\": 27\r\n    },\r\n    {\r\n      \"relid\": 5\r\n    }\r\n  ],\r\n  \"bgColor\": null,\r\n  \"cont\": [\r\n    {\r\n      \"type\": \"html\",\r\n      \"cont\": \"<!-- Global site tag (gtag.js) - Google Analytics -->\\n<script async src=\\\"https:\/\/www.googletagmanager.com\/gtag\/js?id=UA-135626957-1\\\"><\/script>\\n<script>\\n  window.dataLayer = window.dataLayer || [];\\n  function gtag(){dataLayer.push(arguments);}\\n  gtag('js', new Date());\\n\\n  gtag('config', 'UA-135626957-1');\\n<\/script>\\n\\n\",\r\n      \"align\": \"middle\",\r\n      \"row\": 0,\r\n      \"col\": 0,\r\n      \"colspan\": 31,\r\n      \"offsetx\": 0,\r\n      \"offsety\": 0,\r\n      \"spaceabove\": 0,\r\n      \"spacebelow\": 0,\r\n      \"yvel\": 1,\r\n      \"push\": 0,\r\n      \"relid\": 22,\r\n      \"absolute_position\": false\r\n    },\r\n    {\r\n      \"type\": \"text\",\r\n      \"cont\": \"<\/p><p><a href=\\\"https:\/\/estudionada.com\\\">Nada<\/a> is an interior architecture and design studio founded by <a rel=\\\"noopener\\\" href=\\\"https:\/\/www.linkedin.com\/in\/borjahernandezmarin\/\\\" target=\\\"_blank\\\">Borja Hern\u00e1ndez<\/a> and <a rel=\\\"noopener\\\" href=\\\"https:\/\/www.linkedin.com\/in\/arcadimartin\/\\\" target=\\\"_blank\\\">Arcadi Mart\u00edn<\/a> in 2017, with office in <a rel=\\\"noopener\\\" href=\\\"https:\/\/www.google.com\/maps\/place\/Nada\/@41.3887547,2.1818929,17z\/data=!3m1!4b1!4m6!3m5!1s0x12a4a3f7c661e21d:0x8ea202d106906d9b!8m2!3d41.3887547!4d2.1818929!16s%2Fg%2F11nft5gfl6?hl=es&amp;entry=ttu\\\" target=\\\"_blank\\\">Barcelona<\/a> and <a rel=\\\"noopener\\\" href=\\\"https:\/\/g.page\/nada-valencia?gm\\\" target=\\\"_blank\\\">Valencia<\/a>.<\/p><p>\u00a0<\/p><p>With a clear collaborative vocation, we carry out interior design, architecture and art direction projects. We develop projects from an honest and rational perspective. Our goal is to propose the most simple and functionally effective solution for each project.\u00a0We put design at the service of people by developing personalized and flexible projects that know how to age and evolve with the user.\u00a0<\/p><p>\u00a0<\/p><p>We create honest, pure, timeless spaces.<\/p><p>\u00a0<\/p><p>In a society ruled by frenetic consumerism and the uncontrolled use of natural resources, at Nada we create useful, lasting spaces.<\/p><p>\u00a0<\/p><p>An ode to the beauty of spaces, textures, light and <a href=\\\"https:\/\/estudionada.com\\\">Nada<\/a>.<\/p>\",\r\n      \"align\": \"middle\",\r\n      \"row\": 1,\r\n      \"col\": 0,\r\n      \"colspan\": 31,\r\n      \"offsetx\": 0,\r\n      \"offsety\": 0,\r\n      \"spaceabove\": 0,\r\n      \"spacebelow\": 0,\r\n      \"yvel\": 1,\r\n      \"push\": 0,\r\n      \"relid\": 4,\r\n      \"absolute_position\": false,\r\n      \"frameOverflow\": \"\"\r\n    },\r\n    {\r\n      \"type\": \"img\",\r\n      \"cont\": \"\/wp-content\/uploads\/2021\/01\/Nada-BW.jpg\",\r\n      \"align\": \"top\",\r\n      \"row\": 2,\r\n      \"col\": 0,\r\n      \"colspan\": 13,\r\n      \"offsetx\": 0,\r\n      \"offsety\": 0,\r\n      \"spaceabove\": 0,\r\n      \"spacebelow\": 0,\r\n      \"yvel\": 1,\r\n      \"push\": 0,\r\n      \"relid\": 1041,\r\n      \"attid\": 1119,\r\n      \"sizes\": {\r\n        \"full\": \"\/wp-content\/uploads\/2021\/01\/Nada-BW.jpg\",\r\n        \"_3200\": \"\/wp-content\/uploads\/2021\/01\/Nada-BW-3200x3200.jpg\",\r\n        \"_2560\": \"\/wp-content\/uploads\/2021\/01\/Nada-BW-2560x2560.jpg\",\r\n        \"_1920\": \"\/wp-content\/uploads\/2021\/01\/Nada-BW-1920x1920.jpg\",\r\n        \"_1280\": \"\/wp-content\/uploads\/2021\/01\/Nada-BW-1280x1280.jpg\",\r\n        \"_1024\": \"\/wp-content\/uploads\/2021\/01\/Nada-BW-1024x1024.jpg\",\r\n        \"_768\": \"\/wp-content\/uploads\/2021\/01\/Nada-BW-768x768.jpg\",\r\n        \"_512\": \"\/wp-content\/uploads\/2021\/01\/Nada-BW-512x512.jpg\",\r\n        \"_265\": \"\/wp-content\/uploads\/2021\/01\/Nada-BW-265x265.jpg\"\r\n      },\r\n      \"w\": 3365,\r\n      \"h\": 3365,\r\n      \"ar\": 1,\r\n      \"alt\": \"Nada\",\r\n      \"lightboxoff\": true,\r\n      \"frameOverflow\": \"\",\r\n      \"absolute_position\": false\r\n    },\r\n    {\r\n      \"type\": \"text\",\r\n      \"cont\": \"<\/p><p><a href=\\\"mailto:hola@estudionada.com\\\">hola@estudionada.com<\/a><\/p><p><br \/>Follow us on: <a rel=\\\"noopener\\\" href=\\\"https:\/\/www.instagram.com\/estudionada\/\\\" target=\\\"_blank\\\">Instagram<\/a>\u00a0|\u00a0<a rel=\\\"noopener\\\" href=\\\"https:\/\/www.facebook.com\/estudionada\/\\\" target=\\\"_blank\\\">Facebook<\/a> |\u00a0<a rel=\\\"noopener\\\" href=\\\"https:\/\/www.linkedin.com\/company\/estudionada\\\" target=\\\"_blank\\\">Linkedin<\/a>\u00a0|\u00a0<a rel=\\\"noopener\\\" href=\\\"https:\/\/estudionada.tumblr.com\\\" target=\\\"_blank\\\">Tumblr<\/a>\u00a0|\u00a0<a rel=\\\"noopener\\\" href=\\\"https:\/\/twitter.com\/estudionada\\\" target=\\\"_blank\\\">Twitter<\/a>\u00a0|\u00a0<a rel=\\\"noopener\\\" href=\\\"https:\/\/www.houzz.es\/pro\/estudionada\\\" target=\\\"_blank\\\">Houzz<\/a>\u00a0|\u00a0<a rel=\\\"noopener\\\" href=\\\"https:\/\/www.pinterest.es\/estudionada\\\" target=\\\"_blank\\\">Pinterest<\/a>\u00a0|\u00a0<a rel=\\\"noopener\\\" href=\\\"https:\/\/open.spotify.com\/user\/9y65unprsuj1qczksttdc8sfu?si=Itn1ft1VRdOXgRU2bVUFNA\\\" target=\\\"_blank\\\">Spotify<\/a><\/p><p>\u00a0<\/p><p><a href=\\\"https:\/\/estudionada.com\/en-legal-notice\/\\\" data-type=\\\"page\\\" data-id=\\\"1978\\\" data-title=\\\"EN Legal notice\\\">Legal notice<\/a><\/p>\",\r\n      \"align\": \"middle\",\r\n      \"row\": 3,\r\n      \"col\": 0,\r\n      \"colspan\": 31,\r\n      \"offsetx\": 0,\r\n      \"offsety\": 0,\r\n      \"spaceabove\": 0,\r\n      \"spacebelow\": 0,\r\n      \"yvel\": 1,\r\n      \"push\": 0,\r\n      \"relid\": 6,\r\n      \"absolute_position\": false,\r\n      \"frameOverflow\": \"\"\r\n    }\r\n  ]\r\n}","jetpack_sharing_enabled":true,"jetpack_shortlink":"https:\/\/wp.me\/PaHQkv-x2","jetpack-related-posts":[],"_links":{"self":[{"href":"https:\/\/estudionada.com\/en\/wp-json\/wp\/v2\/pages\/2048","targetHints":{"allow":["GET"]}}],"collection":[{"href":"https:\/\/estudionada.com\/en\/wp-json\/wp\/v2\/pages"}],"about":[{"href":"https:\/\/estudionada.com\/en\/wp-json\/wp\/v2\/types\/page"}],"author":[{"embeddable":true,"href":"https:\/\/estudionada.com\/en\/wp-json\/wp\/v2\/users\/1"}],"replies":[{"embeddable":true,"href":"https:\/\/estudionada.com\/en\/wp-json\/wp\/v2\/comments?post=2048"}],"version-history":[{"count":0,"href":"https:\/\/estudionada.com\/en\/wp-json\/wp\/v2\/pages\/2048\/revisions"}],"wp:attachment":[{"href":"https:\/\/estudionada.com\/en\/wp-json\/wp\/v2\/media?parent=2048"}],"curies":[{"name":"wp","href":"https:\/\/api.w.org\/{rel}","templated":true}]}}